{"id":87,"date":"2025-05-26T16:15:31","date_gmt":"2025-05-26T14:15:31","guid":{"rendered":"https:\/\/www.fontainebleaubikeshop.com\/?page_id=87"},"modified":"2025-08-07T14:07:39","modified_gmt":"2025-08-07T12:07:39","slug":"enfants","status":"publish","type":"page","link":"https:\/\/www.fontainebleaubikeshop.com\/en\/enfants\/","title":{"rendered":"V\u00e9los enfants"},"content":{"rendered":"<div data-elementor-type=\"wp-page\" data-elementor-id=\"87\" class=\"elementor elementor-87\">\n\t\t\t\t<div class=\"elementor-element elementor-element-cd00b57 e-flex e-con-boxed e-con e-parent\" data-id=\"cd00b57\" data-element_type=\"container\" data-e-type=\"container\">\n\t\t\t\t\t<div class=\"e-con-inner\">\n\t\t\t\t<div class=\"elementor-element elementor-element-3b6abe4 elementor-widget elementor-widget-heading\" data-id=\"3b6abe4\" data-element_type=\"widget\" data-e-type=\"widget\" data-widget_type=\"heading.default\">\n\t\t\t\t<div class=\"elementor-widget-container\">\n\t\t\t\t\t<h1 class=\"elementor-heading-title elementor-size-default\">Kids<\/h1>\t\t\t\t<\/div>\n\t\t\t\t<\/div>\n\t\t\t\t\t<\/div>\n\t\t\t\t<\/div>\n\t\t<div class=\"elementor-element elementor-element-b411063 e-flex e-con-boxed e-con e-parent\" data-id=\"b411063\" data-element_type=\"container\" data-e-type=\"container\" data-settings=\"{&quot;background_background&quot;:&quot;classic&quot;}\">\n\t\t\t\t\t<div class=\"e-con-inner\">\n\t\t\t\t<div class=\"elementor-element elementor-element-ce5f5bb elementor-widget elementor-widget-html\" data-id=\"ce5f5bb\" data-element_type=\"widget\" data-e-type=\"widget\" data-widget_type=\"html.default\">\n\t\t\t\t<div class=\"elementor-widget-container\">\n\t\t\t\t\t<!-- INTRO ENFANTS -->\r\n<p style=\"font-family: 'Montserrat', sans-serif; text-align: center; max-width: 800px; margin: 0 auto 2em auto; font-size: 1.7rem; color: #faf6ed;\">\r\n  Des v\u00e9los adapt\u00e9s aux enfants. Ludiques, robustes, s\u00e9curisants, pour apprendre, s\u2019amuser et grandir \u00e0 v\u00e9lo.\r\n<\/p>\r\n\r\n<!-- GRILLE V\u00c9LOS ENFANTS -->\r\n<div style=\"display: grid; grid-template-columns: repeat(auto-fit, minmax(240px, 1fr)); gap: 40px; max-width: 1200px; margin: 3em auto; font-family: 'Montserrat', sans-serif; color: #faf6ed;\">\r\n\r\n  <!-- 1 -->\r\n  <div style=\"text-align: center; display: flex; flex-direction: column;\">\r\n    <img decoding=\"async\" src=\"https:\/\/www.fontainebleaubikeshop.com\/wp-content\/uploads\/2025\/08\/Trek-Precaliber-12.png\" alt=\"Trek Precaliber 12\" style=\"width:100%; height:260px; object-fit:contain; border-radius:12px; box-shadow: 0 2px 10px rgba(0,0,0,0.3);\">\r\n    <h3 style=\"margin-top: 1em; font-size: 1.1rem;\">TREK Precaliber 12<\/h3>\r\n    <a href=\"https:\/\/www.trekbikes.com\/fr\/fr_FR\/v%C3%A9los\/v%C3%A9los-pour-enfant\/c\/B506\/\" target=\"_blank\"\r\n      style=\"display: inline-flex; justify-content: center; align-items: center; min-height: 60px; margin-top: 1.2em; background-color: #15bc2e; color: #faf6ed; padding: 10px 20px; text-decoration: none; border-radius: 30px; font-weight: bold;\">\r\n      Voir la s\u00e9lection\r\n    <\/a>\r\n  <\/div>\r\n\r\n  <!-- 2 -->\r\n  <div style=\"text-align: center; display: flex; flex-direction: column;\">\r\n    <img decoding=\"async\" src=\"https:\/\/www.fontainebleaubikeshop.com\/wp-content\/uploads\/2025\/08\/Trek-Precaliber-12-G.png\" alt=\"Trek Precaliber 12 G\" style=\"width:100%; height:260px; object-fit:contain; border-radius:12px; box-shadow: 0 2px 10px rgba(0,0,0,0.3);\">\r\n    <h3 style=\"margin-top: 1em; font-size: 1.1rem;\">TREK Precaliber 12 Girl<\/h3>\r\n    <a href=\"https:\/\/www.trekbikes.com\/fr\/fr_FR\/v%C3%A9los\/v%C3%A9los-pour-enfant\/c\/B506\/\" target=\"_blank\"\r\n      style=\"display: inline-flex; justify-content: center; align-items: center; min-height: 60px; margin-top: 1.2em; background-color: #15bc2e; color: #faf6ed; padding: 10px 20px; text-decoration: none; border-radius: 30px; font-weight: bold;\">\r\n      Voir la s\u00e9lection\r\n    <\/a>\r\n  <\/div>\r\n\r\n  <!-- 3 -->\r\n  <div style=\"text-align: center; display: flex; flex-direction: column;\">\r\n    <img decoding=\"async\" src=\"https:\/\/www.fontainebleaubikeshop.com\/wp-content\/uploads\/2025\/08\/Trek-Precaliber-16-Y.png\" alt=\"Trek Precaliber 16 Y\" style=\"width:100%; height:260px; object-fit:contain; border-radius:12px; box-shadow: 0 2px 10px rgba(0,0,0,0.3);\">\r\n    <h3 style=\"margin-top: 1em; font-size: 1.1rem;\">TREK Precaliber 16 Yellow<\/h3>\r\n    <a href=\"https:\/\/www.trekbikes.com\/fr\/fr_FR\/v%C3%A9los\/v%C3%A9los-pour-enfant\/c\/B506\/\" target=\"_blank\"\r\n      style=\"display: inline-flex; justify-content: center; align-items: center; min-height: 60px; margin-top: 1.2em; background-color: #15bc2e; color: #faf6ed; padding: 10px 20px; text-decoration: none; border-radius: 30px; font-weight: bold;\">\r\n      Voir la s\u00e9lection\r\n    <\/a>\r\n  <\/div>\r\n\r\n  <!-- 4 -->\r\n  <div style=\"text-align: center; display: flex; flex-direction: column;\">\r\n    <img decoding=\"async\" src=\"https:\/\/www.fontainebleaubikeshop.com\/wp-content\/uploads\/2025\/08\/Trek-Precaliber-16.png\" alt=\"Trek Precaliber 16\" style=\"width:100%; height:260px; object-fit:contain; border-radius:12px; box-shadow: 0 2px 10px rgba(0,0,0,0.3);\">\r\n    <h3 style=\"margin-top: 1em; font-size: 1.1rem;\">TREK Precaliber 16<\/h3>\r\n    <a href=\"https:\/\/www.trekbikes.com\/fr\/fr_FR\/v%C3%A9los\/v%C3%A9los-pour-enfant\/c\/B506\/\" target=\"_blank\"\r\n      style=\"display: inline-flex; justify-content: center; align-items: center; min-height: 60px; margin-top: 1.2em; background-color: #15bc2e; color: #faf6ed; padding: 10px 20px; text-decoration: none; border-radius: 30px; font-weight: bold;\">\r\n      Voir la s\u00e9lection\r\n    <\/a>\r\n  <\/div>\r\n\r\n  <!-- 5 -->\r\n  <div style=\"text-align: center; display: flex; flex-direction: column;\">\r\n    <img decoding=\"async\" src=\"https:\/\/www.fontainebleaubikeshop.com\/wp-content\/uploads\/2025\/08\/Trek-precaliber-16-G.png\" alt=\"Trek Precaliber 16 G\" style=\"width:100%; height:260px; object-fit:contain; border-radius:12px; box-shadow: 0 2px 10px rgba(0,0,0,0.3);\">\r\n    <h3 style=\"margin-top: 1em; font-size: 1.1rem;\">TREK Precaliber 16 Girl<\/h3>\r\n    <a href=\"https:\/\/www.trekbikes.com\/fr\/fr_FR\/v%C3%A9los\/v%C3%A9los-pour-enfant\/c\/B506\/\" target=\"_blank\"\r\n      style=\"display: inline-flex; justify-content: center; align-items: center; min-height: 60px; margin-top: 1.2em; background-color: #15bc2e; color: #faf6ed; padding: 10px 20px; text-decoration: none; border-radius: 30px; font-weight: bold;\">\r\n      Voir la s\u00e9lection\r\n    <\/a>\r\n  <\/div>\r\n\r\n  <!-- 6 -->\r\n  <div style=\"text-align: center; display: flex; flex-direction: column;\">\r\n    <img decoding=\"async\" src=\"https:\/\/www.fontainebleaubikeshop.com\/wp-content\/uploads\/2025\/08\/Precaliber-20.png\" alt=\"Trek Precaliber 20\" style=\"width:100%; height:260px; object-fit:contain; border-radius:12px; box-shadow: 0 2px 10px rgba(0,0,0,0.3);\">\r\n    <h3 style=\"margin-top: 1em; font-size: 1.1rem;\">TREK Precaliber 20<\/h3>\r\n    <a href=\"https:\/\/www.trekbikes.com\/fr\/fr_FR\/v%C3%A9los\/v%C3%A9los-pour-enfant\/c\/B506\/\" target=\"_blank\"\r\n      style=\"display: inline-flex; justify-content: center; align-items: center; min-height: 60px; margin-top: 1.2em; background-color: #15bc2e; color: #faf6ed; padding: 10px 20px; text-decoration: none; border-radius: 30px; font-weight: bold;\">\r\n      Voir la s\u00e9lection\r\n    <\/a>\r\n  <\/div>\r\n\r\n  <!-- 7 -->\r\n  <div style=\"text-align: center; display: flex; flex-direction: column;\">\r\n    <img decoding=\"async\" src=\"https:\/\/www.fontainebleaubikeshop.com\/wp-content\/uploads\/2025\/08\/Trek-Precaliber-24.png\" alt=\"Trek Precaliber 24\" style=\"width:100%; height:260px; object-fit:contain; border-radius:12px; box-shadow: 0 2px 10px rgba(0,0,0,0.3);\">\r\n    <h3 style=\"margin-top: 1em; font-size: 1.1rem;\">TREK Precaliber 24<\/h3>\r\n    <a href=\"https:\/\/www.trekbikes.com\/fr\/fr_FR\/v%C3%A9los\/v%C3%A9los-pour-enfant\/c\/B506\/\" target=\"_blank\"\r\n      style=\"display: inline-flex; justify-content: center; align-items: center; min-height: 60px; margin-top: 1.2em; background-color: #15bc2e; color: #faf6ed; padding: 10px 20px; text-decoration: none; border-radius: 30px; font-weight: bold;\">\r\n      Voir la s\u00e9lection\r\n    <\/a>\r\n  <\/div>\r\n\r\n<\/div>\r\n\t\t\t\t<\/div>\n\t\t\t\t<\/div>\n\t\t\t\t\t<\/div>\n\t\t\t\t<\/div>\n\t\t<div class=\"elementor-element elementor-element-1c23205 e-flex e-con-boxed e-con e-parent\" data-id=\"1c23205\" data-element_type=\"container\" data-e-type=\"container\" data-settings=\"{&quot;background_background&quot;:&quot;classic&quot;}\">\n\t\t\t\t\t<div class=\"e-con-inner\">\n\t\t\t\t<div class=\"elementor-element elementor-element-2053d18 elementor-widget elementor-widget-html\" data-id=\"2053d18\" data-element_type=\"widget\" data-e-type=\"widget\" data-widget_type=\"html.default\">\n\t\t\t\t<div class=\"elementor-widget-container\">\n\t\t\t\t\t<!-- DERNI\u00c8RE LIGNE - VTT XS POUR ENFANT \/ ADO -->\r\n<div style=\"display: grid; grid-template-columns: repeat(auto-fit, minmax(240px, 1fr)); gap: 40px; max-width: 800px; margin: 3em auto; font-family: 'Montserrat', sans-serif; color: #faf6ed;\">\r\n\r\n  <!-- Trek Marlin XS -->\r\n  <div style=\"text-align: center; display: flex; flex-direction: column;\">\r\n    <img decoding=\"async\" src=\"https:\/\/www.fontainebleaubikeshop.com\/wp-content\/uploads\/2025\/08\/Marlin-XS.png\" alt=\"Trek Marlin XS\" style=\"width:100%; height:260px; object-fit:contain; border-radius:12px; box-shadow: 0 2px 10px rgba(0,0,0,0.3);\">\r\n    <h3 style=\"margin-top: 1em; font-size: 1.1rem;\">TREK Marlin XS<\/h3>\r\n    <a href=\"https:\/\/www.trekbikes.com\/fr\/fr_FR\/v%C3%A9los\/vtt\/vtt-cross-country\/marlin\/c\/B321\/\" target=\"_blank\"\r\n      style=\"display: inline-flex; justify-content: center; align-items: center; min-height: 60px; margin-top: 1.2em; background-color: #15bc2e; color: #faf6ed; padding: 10px 20px; text-decoration: none; border-radius: 30px; font-weight: bold;\">\r\n      Voir la s\u00e9lection\r\n    <\/a>\r\n  <\/div>\r\n\r\n  <!-- Trek Fuel EX XS -->\r\n  <div style=\"text-align: center; display: flex; flex-direction: column;\">\r\n    <img decoding=\"async\" src=\"https:\/\/www.fontainebleaubikeshop.com\/wp-content\/uploads\/2025\/08\/Trek-Fuel-EX-xs.png\" alt=\"Trek Fuel EX XS\" style=\"width:100%; height:260px; object-fit:contain; border-radius:12px; box-shadow: 0 2px 10px rgba(0,0,0,0.3);\">\r\n    <h3 style=\"margin-top: 1em; font-size: 1.1rem;\">TREK Fuel EX XS<\/h3>\r\n    <a href=\"https:\/\/www.trekbikes.com\/fr\/fr_FR\/v%C3%A9los\/vtt\/vtt-trail\/fuel-ex\/c\/B332\/\" target=\"_blank\"\r\n      style=\"display: inline-flex; justify-content: center; align-items: center; min-height: 60px; margin-top: 1.2em; background-color: #15bc2e; color: #faf6ed; padding: 10px 20px; text-decoration: none; border-radius: 30px; font-weight: bold;\">\r\n      Voir la s\u00e9lection\r\n    <\/a>\r\n  <\/div>\r\n\r\n<\/div>\r\n\t\t\t\t<\/div>\n\t\t\t\t<\/div>\n\t\t\t\t\t<\/div>\n\t\t\t\t<\/div>\n\t\t\t\t<\/div>","protected":false},"excerpt":{"rendered":"<p>Enfants Des v\u00e9los adapt\u00e9s aux enfants. Ludiques, robustes, s\u00e9curisants, pour apprendre, s\u2019amuser et grandir \u00e0 v\u00e9lo. TREK Precaliber 12 Voir la s\u00e9lection TREK Precaliber 12 Girl Voir la s\u00e9lection TREK Precaliber 16 Yellow Voir la s\u00e9lection TREK Precaliber 16 Voir la s\u00e9lection TREK Precaliber 16 Girl Voir la s\u00e9lection TREK Precaliber 20 Voir la s\u00e9lection [&hellip;]<\/p>","protected":false},"author":1,"featured_media":0,"parent":0,"menu_order":0,"comment_status":"closed","ping_status":"closed","template":"","meta":{"om_disable_all_campaigns":false,"inline_featured_image":false,"_monsterinsights_skip_tracking":false,"_monsterinsights_sitenote_active":false,"_monsterinsights_sitenote_note":"","_monsterinsights_sitenote_category":0,"footnotes":""},"class_list":["post-87","page","type-page","status-publish","hentry"],"aioseo_notices":[],"_links":{"self":[{"href":"https:\/\/www.fontainebleaubikeshop.com\/en\/wp-json\/wp\/v2\/pages\/87","targetHints":{"allow":["GET"]}}],"collection":[{"href":"https:\/\/www.fontainebleaubikeshop.com\/en\/wp-json\/wp\/v2\/pages"}],"about":[{"href":"https:\/\/www.fontainebleaubikeshop.com\/en\/wp-json\/wp\/v2\/types\/page"}],"author":[{"embeddable":true,"href":"https:\/\/www.fontainebleaubikeshop.com\/en\/wp-json\/wp\/v2\/users\/1"}],"replies":[{"embeddable":true,"href":"https:\/\/www.fontainebleaubikeshop.com\/en\/wp-json\/wp\/v2\/comments?post=87"}],"version-history":[{"count":15,"href":"https:\/\/www.fontainebleaubikeshop.com\/en\/wp-json\/wp\/v2\/pages\/87\/revisions"}],"predecessor-version":[{"id":848,"href":"https:\/\/www.fontainebleaubikeshop.com\/en\/wp-json\/wp\/v2\/pages\/87\/revisions\/848"}],"wp:attachment":[{"href":"https:\/\/www.fontainebleaubikeshop.com\/en\/wp-json\/wp\/v2\/media?parent=87"}],"curies":[{"name":"wp","href":"https:\/\/api.w.org\/{rel}","templated":true}]}}