{"id":673,"date":"2025-08-07T04:33:41","date_gmt":"2025-08-07T02:33:41","guid":{"rendered":"https:\/\/www.fontainebleaubikeshop.com\/?page_id=673"},"modified":"2025-08-07T13:14:16","modified_gmt":"2025-08-07T11:14:16","slug":"mentions-legales","status":"publish","type":"page","link":"https:\/\/www.fontainebleaubikeshop.com\/en\/mentions-legales\/","title":{"rendered":"Mentions l\u00e9gales"},"content":{"rendered":"<div data-elementor-type=\"wp-page\" data-elementor-id=\"673\" class=\"elementor elementor-673\">\n\t\t\t\t<div class=\"elementor-element elementor-element-ff7a0ce e-flex e-con-boxed e-con e-parent\" data-id=\"ff7a0ce\" data-element_type=\"container\" data-e-type=\"container\" data-settings=\"{&quot;background_background&quot;:&quot;classic&quot;}\">\n\t\t\t\t\t<div class=\"e-con-inner\">\n\t\t\t\t<div class=\"elementor-element elementor-element-44f40e4 elementor-widget elementor-widget-html\" data-id=\"44f40e4\" data-element_type=\"widget\" data-e-type=\"widget\" data-widget_type=\"html.default\">\n\t\t\t\t<div class=\"elementor-widget-container\">\n\t\t\t\t\t<div style=\"font-family: 'Montserrat', sans-serif; color: #FAF6ED; font-size: 15px; line-height: 1.6;\">\r\n\r\n  <h1 style=\"color: #15BC2E;\">Mentions l\u00e9gales<\/h2>\r\n\r\n  <h3>\u00c9diteur du site<\/h3>\r\n  <p>\r\n    <strong>D\u00e9nomination sociale :<\/strong> SARL JOLIETTAC<br>\r\n    <strong>Nom commercial :<\/strong> Fontainebleau Bike Shop<br>\r\n    <strong>Forme juridique :<\/strong> SARL<br>\r\n    <strong>Capital social :<\/strong> 1 000 \u20ac<br>\r\n    <strong>RCS :<\/strong> Melun<br>\r\n    <strong>SIRET :<\/strong> 94331181100013<br>\r\n    <strong>Num\u00e9ro de TVA intracommunautaire :<\/strong> FR21943311811<br>\r\n    <strong>Si\u00e8ge social :<\/strong> 9, rue des Petits Aulnes, 77780 Bourron-Marlotte<br>\r\n    <strong>Responsable de la publication :<\/strong> Christophe Hirtzel, G\u00e9rant<br>\r\n    <strong>Contact :<\/strong> contact@fontainebleaubikeshop.com \u2013 01 64 70 01 20\r\n  <\/p>\r\n\r\n  <h3>H\u00e9bergement<\/h3>\r\n  <p>\r\n    <strong>H\u00e9bergeur :<\/strong> o2switch<br>\r\n    <strong>Adresse :<\/strong> Chemin des Pardiaux, 63000 Clermont-Ferrand \u2013 France<br>\r\n    <strong>T\u00e9l\u00e9phone :<\/strong> 04 44 44 60 40<br>\r\n    <strong>Site :<\/strong> <a href=\"https:\/\/www.o2switch.fr\" style=\"color: #15BC2E;\" target=\"_blank\">www.o2switch.fr<\/a>\r\n  <\/p>\r\n\r\n  <h3>Propri\u00e9t\u00e9 intellectuelle<\/h3>\r\n  <p>\r\n    Le contenu du site www.fontainebleaubikeshop.com (textes, images, vid\u00e9os, logos, \u00e9l\u00e9ments graphiques, etc.)\r\n    est la propri\u00e9t\u00e9 exclusive de Fontainebleau Bike Shop, sauf mention contraire.\r\n    Toute reproduction, distribution ou utilisation sans autorisation est interdite.\r\n  <\/p>\r\n\r\n  <h3>Donn\u00e9es personnelles<\/h3>\r\n  <p>\r\n    Les donn\u00e9es recueillies via le formulaire de contact sont destin\u00e9es uniquement \u00e0 r\u00e9pondre aux demandes.\r\n    Elles ne sont ni revendues ni transmises \u00e0 des tiers. Conform\u00e9ment au RGPD, vous pouvez exercer vos droits\r\n    (acc\u00e8s, modification, suppression) en nous contactant \u00e0 : contact@fontainebleaubikeshop.com\r\n  <\/p>\r\n\r\n  <h3>Cookies<\/h3>\r\n  <p>\r\n    Le site peut utiliser des cookies \u00e0 des fins de navigation, de mesure d\u2019audience ou de contenus int\u00e9gr\u00e9s.\r\n    Un bandeau de consentement est affich\u00e9 lors de votre premi\u00e8re visite, conform\u00e9ment \u00e0 la l\u00e9gislation en vigueur.\r\n  <\/p>\r\n\r\n<\/div>\r\n\t\t\t\t<\/div>\n\t\t\t\t<\/div>\n\t\t\t\t\t<\/div>\n\t\t\t\t<\/div>\n\t\t\t\t<\/div>","protected":false},"excerpt":{"rendered":"<p>Mentions l\u00e9gales \u00c9diteur du site D\u00e9nomination sociale : SARL JOLIETTAC Nom commercial : Fontainebleau Bike Shop Forme juridique : SARL Capital social : 1 000 \u20ac RCS : Melun SIRET : 94331181100013 Num\u00e9ro de TVA intracommunautaire : FR21943311811 Si\u00e8ge social : 9, rue des Petits Aulnes, 77780 Bourron-Marlotte Responsable de la publication : Christophe Hirtzel, [&hellip;]<\/p>","protected":false},"author":1,"featured_media":0,"parent":0,"menu_order":0,"comment_status":"closed","ping_status":"closed","template":"","meta":{"om_disable_all_campaigns":false,"inline_featured_image":false,"_monsterinsights_skip_tracking":false,"_monsterinsights_sitenote_active":false,"_monsterinsights_sitenote_note":"","_monsterinsights_sitenote_category":0,"footnotes":""},"class_list":["post-673","page","type-page","status-publish","hentry"],"aioseo_notices":[],"_links":{"self":[{"href":"https:\/\/www.fontainebleaubikeshop.com\/en\/wp-json\/wp\/v2\/pages\/673","targetHints":{"allow":["GET"]}}],"collection":[{"href":"https:\/\/www.fontainebleaubikeshop.com\/en\/wp-json\/wp\/v2\/pages"}],"about":[{"href":"https:\/\/www.fontainebleaubikeshop.com\/en\/wp-json\/wp\/v2\/types\/page"}],"author":[{"embeddable":true,"href":"https:\/\/www.fontainebleaubikeshop.com\/en\/wp-json\/wp\/v2\/users\/1"}],"replies":[{"embeddable":true,"href":"https:\/\/www.fontainebleaubikeshop.com\/en\/wp-json\/wp\/v2\/comments?post=673"}],"version-history":[{"count":10,"href":"https:\/\/www.fontainebleaubikeshop.com\/en\/wp-json\/wp\/v2\/pages\/673\/revisions"}],"predecessor-version":[{"id":811,"href":"https:\/\/www.fontainebleaubikeshop.com\/en\/wp-json\/wp\/v2\/pages\/673\/revisions\/811"}],"wp:attachment":[{"href":"https:\/\/www.fontainebleaubikeshop.com\/en\/wp-json\/wp\/v2\/media?parent=673"}],"curies":[{"name":"wp","href":"https:\/\/api.w.org\/{rel}","templated":true}]}}