{"id":133,"date":"2025-06-05T17:43:49","date_gmt":"2025-06-05T15:43:49","guid":{"rendered":"https:\/\/www.fontainebleaubikeshop.com\/?page_id=133"},"modified":"2025-08-07T13:21:07","modified_gmt":"2025-08-07T11:21:07","slug":"urbains-longtail-cargo","status":"publish","type":"page","link":"https:\/\/www.fontainebleaubikeshop.com\/en\/urbains-longtail-cargo\/","title":{"rendered":"Urban \/ Longtail \/ Cargo"},"content":{"rendered":"<div data-elementor-type=\"wp-page\" data-elementor-id=\"133\" class=\"elementor elementor-133\">\n\t\t\t\t<div class=\"elementor-element elementor-element-27f985f e-flex e-con-boxed e-con e-parent\" data-id=\"27f985f\" data-element_type=\"container\" data-e-type=\"container\">\n\t\t\t\t\t<div class=\"e-con-inner\">\n\t\t\t\t<div class=\"elementor-element elementor-element-c385380 elementor-widget elementor-widget-heading\" data-id=\"c385380\" data-element_type=\"widget\" data-e-type=\"widget\" data-widget_type=\"heading.default\">\n\t\t\t\t<div class=\"elementor-widget-container\">\n\t\t\t\t\t<h1 class=\"elementor-heading-title elementor-size-default\">Urbains longtail Cargo<\/h1>\t\t\t\t<\/div>\n\t\t\t\t<\/div>\n\t\t\t\t\t<\/div>\n\t\t\t\t<\/div>\n\t\t<div class=\"elementor-element elementor-element-ee46f21 e-flex e-con-boxed e-con e-parent\" data-id=\"ee46f21\" data-element_type=\"container\" data-e-type=\"container\">\n\t\t\t\t\t<div class=\"e-con-inner\">\n\t\t\t\t<div class=\"elementor-element elementor-element-9a9d4b2 elementor-widget elementor-widget-html\" data-id=\"9a9d4b2\" data-element_type=\"widget\" data-e-type=\"widget\" data-widget_type=\"html.default\">\n\t\t\t\t<div class=\"elementor-widget-container\">\n\t\t\t\t\t<p style=\"font-family: 'Montserrat', sans-serif; text-align: center; max-width: 800px; margin: 0 auto 2em auto; font-size: 1.7rem; color: #11322b;\">\r\n  Des v\u00e9los con\u00e7us pour la vie quotidienne : confortables, pratiques, styl\u00e9s ou familiaux, \u00e9lectriques ou non, ils s\u2019adaptent \u00e0 tous les trajets en ville et au-del\u00e0.\r\n<\/p>\r\n<!-- SECTION URBAINS, LONGTAIL & CARGO -->\r\n<div style=\"font-family: 'Montserrat', sans-serif; color: #11322b; max-width: 1200px; margin: auto; padding: 2em 1em; display: grid; grid-template-columns: repeat(auto-fit, minmax(240px, 1fr)); gap: 40px;\">\r\n\r\n  <!-- LIGNE 1 -->\r\n  <div style=\"text-align: center;\">\r\n    <img decoding=\"async\" src=\"https:\/\/www.fontainebleaubikeshop.com\/wp-content\/uploads\/2025\/08\/Electra-loft.png\" alt=\"Electra Loft\" style=\"width:100%; height:260px; object-fit:contain; border-radius:12px;\">\r\n    <h3 style=\"margin-top: 1em;\">Electra Loft<\/h3>\r\n    <div style=\"min-height: 180px; display: flex; flex-direction: column; justify-content: space-between;\">\r\n      <p>Urbain, \u00e9l\u00e9gant et pratique.<\/p>\r\n      <a href=\"https:\/\/www.trekbikes.com\/fr\/fr_FR\/loft\/\" target=\"_blank\" style=\"margin-top:1.5em; background-color:#15bc2e; color:white; padding:10px 20px; border-radius:30px; font-weight:bold; text-decoration:none; min-height:60px; display:inline-flex; align-items:center; justify-content:center;\">Voir la s\u00e9lection<\/a>\r\n    <\/div>\r\n  <\/div>\r\n\r\n  <div style=\"text-align: center;\">\r\n    <img decoding=\"async\" src=\"https:\/\/www.fontainebleaubikeshop.com\/wp-content\/uploads\/2025\/08\/Trek-Verve-2-low.png\" alt=\"Trek Verve Equipped\" style=\"width:100%; height:260px; object-fit:contain; border-radius:12px;\">\r\n    <h3 style=\"margin-top: 1em;\">Trek Verve Equipped<\/h3>\r\n    <div style=\"min-height: 147px; display: flex; flex-direction: column; justify-content: space-between;\">\r\n      <p>Confort et simplicit\u00e9 au quotidien.<\/p>\r\n      <a href=\"https:\/\/www.trekbikes.com\/fr\/fr_FR\/v%C3%A9los\/v%C3%A9los-de-ville\/verve-equipped\/c\/B494\/\" target=\"_blank\" style=\"margin-top:1.5em; background-color:#15bc2e; color:white; padding:10px 20px; border-radius:30px; font-weight:bold; text-decoration:none; min-height:60px; display:inline-flex; align-items:center; justify-content:center;\">Voir la s\u00e9lection<\/a>\r\n    <\/div>\r\n  <\/div>\r\n\r\n  <div style=\"text-align: center;\">\r\n    <img decoding=\"async\" src=\"https:\/\/www.fontainebleaubikeshop.com\/wp-content\/uploads\/2025\/08\/Electra-Loft-Go.png\" alt=\"Electra Loft Go!\" style=\"width:100%; height:260px; object-fit:contain; border-radius:12px;\">\r\n    <h3 style=\"margin-top: 1em;\">Electra Loft Go!<\/h3>\r\n    <div style=\"min-height: 180px; display: flex; flex-direction: column; justify-content: space-between;\">\r\n      <p>Agile, \u00e9lectrique, pratique.<\/p>\r\n      <a href=\"https:\/\/electra.trekbikes.com\/fr\/fr_FR\/v%C3%A9los\/v%C3%A9los-electra\/vae-electra\/loftgo\/f\/EF270-2\/loft-go%2521-5i-eq-step-thru-500-w\/33340\/1049344\" target=\"_blank\" style=\"margin-top:1.5em; background-color:#15bc2e; color:white; padding:10px 20px; border-radius:30px; font-weight:bold; text-decoration:none; min-height:60px; display:inline-flex; align-items:center; justify-content:center;\">Voir la s\u00e9lection<\/a>\r\n    <\/div>\r\n  <\/div>\r\n\r\n  <div style=\"text-align: center;\">\r\n    <img decoding=\"async\" src=\"https:\/\/www.fontainebleaubikeshop.com\/wp-content\/uploads\/2025\/08\/Electra-Loft-Go-400.png\" alt=\"Electra Loft Go! 400\" style=\"width:100%; height:260px; object-fit:contain; border-radius:12px;\">\r\n    <h3 style=\"margin-top: 1em;\">Electra Loft Go! 400<\/h3>\r\n    <div style=\"min-height: 147px; display: flex; flex-direction: column; justify-content: space-between;\">\r\n      <p>Style urbain & assistance \u00e9lectrique.<\/p>\r\n      <a href=\"https:\/\/electra.trekbikes.com\/fr\/fr_FR\/v%C3%A9los\/v%C3%A9los-electra\/vae-electra\/loftgo\/f\/EF270-2\/loft-go%2521-5i-eq-step-thru-500-w\/33340\/1049344\" target=\"_blank\" style=\"margin-top:1.5em; background-color:#15bc2e; color:white; padding:10px 20px; border-radius:30px; font-weight:bold; text-decoration:none; min-height:60px; display:inline-flex; align-items:center; justify-content:center;\">Voir la s\u00e9lection<\/a>\r\n    <\/div>\r\n  <\/div>\r\n\r\n  <!-- LIGNE 2 -->\r\n  <div style=\"text-align: center;\">\r\n    <img decoding=\"async\" src=\"https:\/\/www.fontainebleaubikeshop.com\/wp-content\/uploads\/2025\/08\/Electra-loft-go-hom.png\" alt=\"Loft Go! Homme\" style=\"width:100%; height:260px; object-fit:contain; border-radius:12px;\">\r\n    <h3 style=\"margin-top: 1em;\">Loft Go! Homme<\/h3>\r\n    <div style=\"min-height: 180px; display: flex; flex-direction: column; justify-content: space-between;\">\r\n      <p>\u00c9l\u00e9gance et dynamisme au masculin.<\/p>\r\n      <a href=\"https:\/\/electra.trekbikes.com\/fr\/fr_FR\/v%C3%A9los\/v%C3%A9los-electra\/vae-electra\/loftgo\/f\/EF270-2\/loft-go%2521-5i-eq-step-thru-500-w\/33340\/1049344\" target=\"_blank\" style=\"margin-top:1.5em; background-color:#15bc2e; color:white; padding:10px 20px; border-radius:30px; font-weight:bold; text-decoration:none; min-height:60px; display:inline-flex; align-items:center; justify-content:center;\">Voir la s\u00e9lection<\/a>\r\n    <\/div>\r\n  <\/div>\r\n\r\n  <div style=\"text-align: center;\">\r\n    <img decoding=\"async\" src=\"https:\/\/www.fontainebleaubikeshop.com\/wp-content\/uploads\/2025\/08\/Electra-Ace-of-Spades-Go.png\" alt=\"Ace of Spades Go!\" style=\"width:100%; height:260px; object-fit:contain; border-radius:12px;\">\r\n    <h3 style=\"margin-top: 1em;\">Ace of Spades Go!<\/h3>\r\n    <div style=\"min-height: 147px; display: flex; flex-direction: column; justify-content: space-between;\">\r\n      <p>Original, rebelle et styl\u00e9.<\/p>\r\n      <a href=\"https:\/\/electra.trekbikes.com\/fr\/fr_FR\/v%C3%A9los\/v%C3%A9los-electra\/vae-electra\/cruisergo\/ace-of-spades-go-5i\/p\/33179\/\" target=\"_blank\" style=\"margin-top:1.5em; background-color:#15bc2e; color:white; padding:10px 20px; border-radius:30px; font-weight:bold; text-decoration:none; min-height:60px; display:inline-flex; align-items:center; justify-content:center;\">Voir la s\u00e9lection<\/a>\r\n    <\/div>\r\n  <\/div>\r\n\r\n  <div style=\"text-align: center;\">\r\n    <img decoding=\"async\" src=\"https:\/\/www.fontainebleaubikeshop.com\/wp-content\/uploads\/2025\/08\/Electra-Gostrider-go.png\" alt=\"Ghostrider Go!\" style=\"width:100%; height:260px; object-fit:contain; border-radius:12px;\">\r\n    <h3 style=\"margin-top: 1em;\">Ghostrider Go!<\/h3>\r\n    <div style=\"min-height: 180px; display: flex; flex-direction: column; justify-content: space-between;\">\r\n      <p>Look unique, esprit cruiser.<\/p>\r\n      <a href=\"https:\/\/electra.trekbikes.com\/fr\/fr_FR\/v%C3%A9los\/v%C3%A9los-electra\/vae-electra\/cruisergo\/f\/EF240-2\/ghostrider-go%2521\/33463\/1051201\" target=\"_blank\" style=\"margin-top:1.5em; background-color:#15bc2e; color:white; padding:10px 20px; border-radius:30px; font-weight:bold; text-decoration:none; min-height:60px; display:inline-flex; align-items:center; justify-content:center;\">Voir la s\u00e9lection<\/a>\r\n    <\/div>\r\n  <\/div>\r\n\r\n  <div style=\"text-align: center;\">\r\n    <img decoding=\"async\" src=\"https:\/\/www.fontainebleaubikeshop.com\/wp-content\/uploads\/2025\/08\/Electra-cruiser-go.png\" alt=\"Cruiser Go!\" style=\"width:100%; height:260px; object-fit:contain; border-radius:12px;\">\r\n    <h3 style=\"margin-top: 1em;\">Cruiser Go!<\/h3>\r\n    <div style=\"min-height: 180px; display: flex; flex-direction: column; justify-content: space-between;\">\r\n      <p>D\u00e9tente et style r\u00e9tro \u00e9lectrique.<\/p>\r\n      <a href=\"https:\/\/electra.trekbikes.com\/fr\/fr_FR\/v%C3%A9los\/v%C3%A9los-electra\/vae-electra\/cruisergo\/f\/EF240-1\/cruiser-go%2521-step-over\/35208\/5272067\" target=\"_blank\" style=\"margin-top:1.5em; background-color:#15bc2e; color:white; padding:10px 20px; border-radius:30px; font-weight:bold; text-decoration:none; min-height:60px; display:inline-flex; align-items:center; justify-content:center;\">Voir la s\u00e9lection<\/a>\r\n    <\/div>\r\n  <\/div>\r\n\r\n  <!-- LIGNE 3 -->\r\n  <div style=\"text-align: center;\">\r\n    <img decoding=\"async\" src=\"https:\/\/www.fontainebleaubikeshop.com\/wp-content\/uploads\/2025\/08\/Trek-Allant-.png\" alt=\"Trek Allant+\" style=\"width:100%; height:260px; object-fit:contain; border-radius:12px;\">\r\n    <h3 style=\"margin-top: 1em;\">Trek Allant+<\/h3>\r\n    <div style=\"min-height: 140px; display: flex; flex-direction: column; justify-content: space-between;\">\r\n      <p>Sportif et rapide en ville.<\/p>\r\n      <a href=\"https:\/\/www.trekbikes.com\/fr\/fr_FR\/search\/?text=allant%2B\" target=\"_blank\" style=\"margin-top:1.5em; background-color:#15bc2e; color:white; padding:10px 20px; border-radius:30px; font-weight:bold; text-decoration:none; min-height:60px; display:inline-flex; align-items:center; justify-content:center;\">Voir la s\u00e9lection<\/a>\r\n    <\/div>\r\n  <\/div>\r\n\r\n  <div style=\"text-align: center;\">\r\n    <img decoding=\"async\" src=\"https:\/\/www.fontainebleaubikeshop.com\/wp-content\/uploads\/2025\/08\/TREK-DISTRICT-1-1.png\" alt=\"Trek District+\" style=\"width:100%; height:260px; object-fit:contain; border-radius:12px;\">\r\n    <h3 style=\"margin-top: 1em;\">Trek District+<\/h3>\r\n    <div style=\"min-height: 140px; display: flex; flex-direction: column; justify-content: space-between;\">\r\n      <p>Sobre, silencieux, efficace.<\/p>\r\n      <a href=\"https:\/\/www.trekbikes.com\/fr\/fr_FR\/district-plus\/\" target=\"_blank\" style=\"margin-top:1.5em; background-color:#15bc2e; color:white; padding:10px 20px; border-radius:30px; font-weight:bold; text-decoration:none; min-height:60px; display:inline-flex; align-items:center; justify-content:center;\">Voir la s\u00e9lection<\/a>\r\n    <\/div>\r\n  <\/div>\r\n\r\n  <div style=\"text-align: center;\">\r\n    <img decoding=\"async\" src=\"https:\/\/www.fontainebleaubikeshop.com\/wp-content\/uploads\/2025\/08\/TREK-DISTRICT-.png\" alt=\"Trek District\" style=\"width:100%; height:260px; object-fit:contain; border-radius:12px;\">\r\n    <h3 style=\"margin-top: 1em;\">Trek District<\/h3>\r\n    <div style=\"min-height: 140px; display: flex; flex-direction: column; justify-content: space-between;\">\r\n      <p>\u00c9lectrique et minimaliste.<\/p>\r\n      <a href=\"https:\/\/www.trekbikes.com\/fr\/fr_FR\/v%C3%A9los\/v%C3%A9los-hybrides\/v%C3%A9los-hybrides-%C3%A0-assistance-%C3%A9lectrique\/district\/district3-4-et-5\/c\/B474-1\/\" target=\"_blank\" style=\"margin-top:1.5em; background-color:#15bc2e; color:white; padding:10px 20px; border-radius:30px; font-weight:bold; text-decoration:none; min-height:60px; display:inline-flex; align-items:center; justify-content:center;\">Voir la s\u00e9lection<\/a>\r\n    <\/div>\r\n  <\/div>\r\n\r\n  <div style=\"text-align: center;\">\r\n    <img decoding=\"async\" src=\"https:\/\/www.fontainebleaubikeshop.com\/wp-content\/uploads\/2025\/08\/trek-Verve-.png\" alt=\"Trek Verve\" style=\"width:100%; height:260px; object-fit:contain; border-radius:12px;\">\r\n    <h3 style=\"margin-top: 1em;\">Trek Verve<\/h3>\r\n    <div style=\"min-height: 140px; display: flex; flex-direction: column; justify-content: space-between;\">\r\n      <p>Stable, confortable, accessible.<\/p>\r\n      <a href=\"https:\/\/www.trekbikes.com\/fr\/fr_FR\/v%C3%A9los\/v%C3%A9los-hybrides\/v%C3%A9los-hybrides-%C3%A0-assistance-%C3%A9lectrique\/verve\/c\/B436\/\" target=\"_blank\" style=\"margin-top:1.5em; background-color:#15bc2e; color:white; padding:10px 20px; border-radius:30px; font-weight:bold; text-decoration:none; min-height:60px; display:inline-flex; align-items:center; justify-content:center;\">Voir la s\u00e9lection<\/a>\r\n    <\/div>\r\n  <\/div>\r\n\r\n  <!-- LIGNE 4 : Fetch seuls -->\r\n  <div style=\"text-align: center;\">\r\n    <img decoding=\"async\" src=\"https:\/\/www.fontainebleaubikeshop.com\/wp-content\/uploads\/2025\/08\/Trek-Fetch-2-equipe.png\" alt=\"Trek Fetch+ 2\" style=\"width:100%; height:260px; object-fit:contain; border-radius:12px;\">\r\n    <h3 style=\"margin-top: 1em;\">Trek Fetch+ 2<\/h3>\r\n    <div style=\"min-height: 147px; display: flex; flex-direction: column; justify-content: space-between;\">\r\n      <p>Compact et malin pour la ville.<\/p>\r\n      <a href=\"https:\/\/www.trekbikes.com\/fr\/fr_FR\/v%C3%A9los\/v%C3%A9los-hybrides\/v%C3%A9los-hybrides-%C3%A0-assistance-%C3%A9lectrique\/fetch\/c\/B464\/\" target=\"_blank\" style=\"margin-top:1.5em; background-color:#15bc2e; color:white; padding:10px 20px; border-radius:30px; font-weight:bold; text-decoration:none; min-height:60px; display:inline-flex; align-items:center; justify-content:center;\">Voir la s\u00e9lection<\/a>\r\n    <\/div>\r\n  <\/div>\r\n\r\n  <div style=\"text-align: center;\">\r\n    <img decoding=\"async\" src=\"https:\/\/www.fontainebleaubikeshop.com\/wp-content\/uploads\/2025\/08\/Trek-Fetch-4.png\" alt=\"Trek Fetch+ 4\" style=\"width:100%; height:260px; object-fit:contain; border-radius:12px;\">\r\n    <h3 style=\"margin-top: 1em;\">Trek Fetch+ 4<\/h3>\r\n    <div style=\"min-height: 140px; display: flex; flex-direction: column; justify-content: space-between;\">\r\n      <p>Familial, spacieux et super \u00e9quip\u00e9.<\/p>\r\n      <a href=\"https:\/\/www.trekbikes.com\/fr\/fr_FR\/v%C3%A9los\/v%C3%A9los-hybrides\/v%C3%A9los-hybrides-%C3%A0-assistance-%C3%A9lectrique\/fetch\/c\/B464\/\" target=\"_blank\" style=\"margin-top:1.5em; background-color:#15bc2e; color:white; padding:10px 20px; border-radius:30px; font-weight:bold; text-decoration:none; min-height:60px; display:inline-flex; align-items:center; justify-content:center;\">Voir la s\u00e9lection<\/a>\r\n    <\/div>\r\n  <\/div>\r\n\r\n<\/div>\r\n\t\t\t\t<\/div>\n\t\t\t\t<\/div>\n\t\t\t\t\t<\/div>\n\t\t\t\t<\/div>\n\t\t\t\t<\/div>","protected":false},"excerpt":{"rendered":"<p>Urbains longtail Cargo Des v\u00e9los con\u00e7us pour la vie quotidienne : confortables, pratiques, styl\u00e9s ou familiaux, \u00e9lectriques ou non, ils s\u2019adaptent \u00e0 tous les trajets en ville et au-del\u00e0. Electra Loft Urbain, \u00e9l\u00e9gant et pratique. Voir la s\u00e9lection Trek Verve Equipped Confort et simplicit\u00e9 au quotidien. Voir la s\u00e9lection Electra Loft Go! Agile, \u00e9lectrique, pratique. [&hellip;]<\/p>","protected":false},"author":1,"featured_media":0,"parent":0,"menu_order":0,"comment_status":"closed","ping_status":"closed","template":"","meta":{"om_disable_all_campaigns":false,"inline_featured_image":false,"_monsterinsights_skip_tracking":false,"_monsterinsights_sitenote_active":false,"_monsterinsights_sitenote_note":"","_monsterinsights_sitenote_category":0,"footnotes":""},"class_list":["post-133","page","type-page","status-publish","hentry"],"aioseo_notices":[],"_links":{"self":[{"href":"https:\/\/www.fontainebleaubikeshop.com\/en\/wp-json\/wp\/v2\/pages\/133","targetHints":{"allow":["GET"]}}],"collection":[{"href":"https:\/\/www.fontainebleaubikeshop.com\/en\/wp-json\/wp\/v2\/pages"}],"about":[{"href":"https:\/\/www.fontainebleaubikeshop.com\/en\/wp-json\/wp\/v2\/types\/page"}],"author":[{"embeddable":true,"href":"https:\/\/www.fontainebleaubikeshop.com\/en\/wp-json\/wp\/v2\/users\/1"}],"replies":[{"embeddable":true,"href":"https:\/\/www.fontainebleaubikeshop.com\/en\/wp-json\/wp\/v2\/comments?post=133"}],"version-history":[{"count":11,"href":"https:\/\/www.fontainebleaubikeshop.com\/en\/wp-json\/wp\/v2\/pages\/133\/revisions"}],"predecessor-version":[{"id":819,"href":"https:\/\/www.fontainebleaubikeshop.com\/en\/wp-json\/wp\/v2\/pages\/133\/revisions\/819"}],"wp:attachment":[{"href":"https:\/\/www.fontainebleaubikeshop.com\/en\/wp-json\/wp\/v2\/media?parent=133"}],"curies":[{"name":"wp","href":"https:\/\/api.w.org\/{rel}","templated":true}]}}