{"id":127,"date":"2025-06-05T17:44:19","date_gmt":"2025-06-05T15:44:19","guid":{"rendered":"https:\/\/www.fontainebleaubikeshop.com\/?page_id=127"},"modified":"2025-11-13T04:46:57","modified_gmt":"2025-11-13T03:46:57","slug":"route-gravel","status":"publish","type":"page","link":"https:\/\/www.fontainebleaubikeshop.com\/en\/route-gravel\/","title":{"rendered":"Route &amp; Gravel"},"content":{"rendered":"<div data-elementor-type=\"wp-page\" data-elementor-id=\"127\" class=\"elementor elementor-127\">\n\t\t\t\t<div class=\"elementor-element elementor-element-30b9c04 e-flex e-con-boxed e-con e-parent\" data-id=\"30b9c04\" data-element_type=\"container\" data-e-type=\"container\">\n\t\t\t\t\t<div class=\"e-con-inner\">\n\t\t\t\t<div class=\"elementor-element elementor-element-f892631 elementor-widget elementor-widget-heading\" data-id=\"f892631\" data-element_type=\"widget\" data-e-type=\"widget\" data-widget_type=\"heading.default\">\n\t\t\t\t<div class=\"elementor-widget-container\">\n\t\t\t\t\t<h1 class=\"elementor-heading-title elementor-size-default\">Route &amp; Gravel <\/h1>\t\t\t\t<\/div>\n\t\t\t\t<\/div>\n\t\t\t\t\t<\/div>\n\t\t\t\t<\/div>\n\t\t<div class=\"elementor-element elementor-element-a9918a2 e-flex e-con-boxed e-con e-parent\" data-id=\"a9918a2\" data-element_type=\"container\" data-e-type=\"container\">\n\t\t\t\t\t<div class=\"e-con-inner\">\n\t\t\t\t<div class=\"elementor-element elementor-element-5cea545 elementor-widget elementor-widget-html\" data-id=\"5cea545\" data-element_type=\"widget\" data-e-type=\"widget\" data-widget_type=\"html.default\">\n\t\t\t\t<div class=\"elementor-widget-container\">\n\t\t\t\t\t<!-- Phrase d\u2019accroche -->\r\n<p style=\"text-align: center; font-family: 'Montserrat', sans-serif; font-size: 1.3rem; color: #11322b; max-width: 900px; margin: 0 auto 2em auto;\">\r\n  Route ou gravel, performance ou polyvalence : d\u00e9couvrez notre s\u00e9lection de v\u00e9los taill\u00e9s pour l\u2019aventure, les longues distances ou la vitesse pure.\r\n<\/p>\r\n\r\n<!-- SECTION ROUTE & GRAVEL -->\r\n<div style=\"display:grid; grid-template-columns:repeat(auto-fit,minmax(240px,1fr)); gap:40px; max-width:1200px; margin:3em auto; font-family:'Montserrat',sans-serif; color:#11322b; align-items:start;\">\r\n\r\n  <!-- Route \u2013 Madone -->\r\n  <div style=\"text-align:center; display:flex; flex-direction:column; justify-content:flex-start;\">\r\n    <img decoding=\"async\" src=\"https:\/\/www.fontainebleaubikeshop.com\/wp-content\/uploads\/2025\/08\/trek-madone.png\" \r\n         alt=\"Trek Madone\" \r\n         style=\"width:100%; height:260px; object-fit:contain; border-radius:12px; box-shadow:0 2px 10px rgba(0,0,0,0.1);\">\r\n    <h3 style=\"margin-top:1em; font-size:1.3rem;\">Route<\/h3>\r\n    <p style=\"font-size:0.95rem; margin: 0.3em 0;\">Trek Madone<\/p>\r\n    <p style=\"min-height:60px;\">A\u00e9rodynamique, l\u00e9g\u00e8re, efficace.<\/p>\r\n    <a href=\"https:\/\/www.trekbikes.com\/fr\/fr_FR\/v%C3%A9los\/v%C3%A9los-de-route\/v%C3%A9los-de-route-performance\/madone\/c\/B213\/\"\r\n       target=\"_blank\" rel=\"noopener noreferrer\"\r\n       style=\"display:inline-block; margin-top:1.5em; background-color:#15bc2e; color:white; padding:10px 20px; text-decoration:none; border-radius:30px; font-weight:bold;\">\r\n       Voir la s\u00e9lection\r\n    <\/a>\r\n  <\/div>\r\n\r\n  <!-- Gravel \u2013 Checkmate -->\r\n  <div style=\"text-align:center; display:flex; flex-direction:column; justify-content:flex-start;\">\r\n    <img decoding=\"async\" src=\"https:\/\/www.fontainebleaubikeshop.com\/wp-content\/uploads\/2025\/08\/trek-chekmatt.png\" \r\n         alt=\"Trek Checkmate\" \r\n         style=\"width:100%; height:260px; object-fit:contain; border-radius:12px; box-shadow:0 2px 10px rgba(0,0,0,0.1);\">\r\n    <h3 style=\"margin-top:1em; font-size:1.3rem;\">Gravel<\/h3>\r\n    <p style=\"font-size:0.95rem; margin: 0.3em 0;\">Trek Checkmate<\/p>\r\n    <p style=\"min-height:60px;\">Stable, agile, tout-terrain.<\/p>\r\n    <a href=\"https:\/\/www.trekbikes.com\/fr\/fr_FR\/v%C3%A9los\/v%C3%A9los-de-route\/v%C3%A9los-de-gravel\/v%C3%A9los-de-gravel-%C3%A0-cintre-course\/checkmate\/c\/B225\/\" \r\n       target=\"_blank\" rel=\"noopener noreferrer\"\r\n       style=\"display:inline-block; margin-top:1.5em; background-color:#15bc2e; color:white; padding:10px 20px; text-decoration:none; border-radius:30px; font-weight:bold;\">\r\n       Voir la s\u00e9lection\r\n    <\/a>\r\n  <\/div>\r\n\r\n  <!-- Gravel \u2013 Stigmata -->\r\n  <div style=\"text-align:center; display:flex; flex-direction:column; justify-content:flex-start;\">\r\n    <img decoding=\"async\" src=\"https:\/\/www.fontainebleaubikeshop.com\/wp-content\/uploads\/2025\/08\/santa-cruz-stigmata.png\" \r\n         alt=\"Santa Cruz Stigmata\" \r\n         style=\"width:100%; height:260px; object-fit:contain; border-radius:12px; box-shadow:0 2px 10px rgba(0,0,0,0.1);\">\r\n    <h3 style=\"margin-top:1em; font-size:1.3rem;\">Gravel<\/h3>\r\n    <p style=\"font-size:0.95rem; margin: 0.3em 0;\">Santa Cruz Stigmata<\/p>\r\n    <p style=\"min-height:60px;\">Polyvalent, pr\u00e9cis, fait pour l\u2019aventure.<\/p>\r\n    <a href=\"https:\/\/www.santacruzbicycles.com\/en-CA\/stigmata\" \r\n       target=\"_blank\" rel=\"noopener noreferrer\"\r\n       style=\"display:inline-block; margin-top:1.5em; background-color:#15bc2e; color:white; padding:10px 20px; text-decoration:none; border-radius:30px; font-weight:bold;\">\r\n       Voir la s\u00e9lection\r\n    <\/a>\r\n  <\/div>\r\n\r\n  <!-- Route \u2013 Domane -->\r\n  <div style=\"text-align:center; display:flex; flex-direction:column; justify-content:flex-start;\">\r\n    <img decoding=\"async\" src=\"https:\/\/www.fontainebleaubikeshop.com\/wp-content\/uploads\/2025\/08\/trek-domane-.png\" \r\n         alt=\"Trek Domane\" \r\n         style=\"width:100%; height:260px; object-fit:contain; border-radius:12px; box-shadow:0 2px 10px rgba(0,0,0,0.1);\">\r\n    <h3 style=\"margin-top:1em; font-size:1.3rem;\">Route<\/h3>\r\n    <p style=\"font-size:0.95rem; margin: 0.3em 0;\">Trek Domane<\/p>\r\n    <p style=\"min-height:60px;\">Confortable, stable, id\u00e9al pour les longues distances.<\/p>\r\n    <a href=\"https:\/\/www.trekbikes.com\/fr\/fr_FR\/v%C3%A9los\/v%C3%A9los-de-route\/v%C3%A9los-de-route-endurance\/domane\/c\/B214\/\" \r\n       target=\"_blank\" rel=\"noopener noreferrer\"\r\n       style=\"display:inline-block; margin-top:1.5em; background-color:#15bc2e; color:white; padding:10px 20px; text-decoration:none; border-radius:30px; font-weight:bold;\">\r\n       Voir la s\u00e9lection\r\n    <\/a>\r\n  <\/div>\r\n\r\n  <!-- Gravel \u2013 Checkpoint -->\r\n  <div style=\"text-align:center; display:flex; flex-direction:column; justify-content:flex-start;\">\r\n    <img decoding=\"async\" src=\"https:\/\/www.fontainebleaubikeshop.com\/wp-content\/uploads\/2025\/08\/trek-checkpoint.png\" \r\n         alt=\"Trek Checkpoint\" \r\n         style=\"width:100%; height:260px; object-fit:contain; border-radius:12px; box-shadow:0 2px 10px rgba(0,0,0,0.1);\">\r\n    <h3 style=\"margin-top:1em; font-size:1.3rem;\">Gravel<\/h3>\r\n    <p style=\"font-size:0.95rem; margin: 0.3em 0;\">Trek Checkpoint<\/p>\r\n    <p style=\"min-height:60px;\">Endurant, passe-partout, pour toutes les aventures.<\/p>\r\n    <a href=\"https:\/\/www.trekbikes.com\/fr\/fr_FR\/v%C3%A9los\/v%C3%A9los-de-randonn%C3%A9e-et-cyclotourisme\/checkpoint\/checkpoint-alr\/c\/B224-2\/\" \r\n       target=\"_blank\" rel=\"noopener noreferrer\"\r\n       style=\"display:inline-block; margin-top:1.5em; background-color:#15bc2e; color:white; padding:10px 20px; text-decoration:none; border-radius:30px; font-weight:bold;\">\r\n       Voir la s\u00e9lection\r\n    <\/a>\r\n  <\/div>\r\n\r\n  <!-- Route \u00e9lectrique \u2013 Domane+ -->\r\n  <div style=\"text-align:center; display:flex; flex-direction:column; justify-content:flex-start;\">\r\n    <img decoding=\"async\" src=\"https:\/\/www.fontainebleaubikeshop.com\/wp-content\/uploads\/2025\/08\/doman-.png\" \r\n         alt=\"Trek Domane+ \u00e9lectrique\" \r\n         style=\"width:100%; height:260px; object-fit:contain; border-radius:12px; box-shadow:0 2px 10px rgba(0,0,0,0.1);\">\r\n    <h3 style=\"margin-top:1em; font-size:1.3rem;\">Route \u00e9lectrique<\/h3>\r\n    <p style=\"font-size:0.95rem; margin: 0.3em 0;\">Trek Domane+<\/p>\r\n    <p style=\"min-height:60px;\">Assistance fluide, confort haut de gamme, esprit sportif.<\/p>\r\n    <a href=\"https:\/\/www.trekbikes.com\/fr\/fr_FR\/v%C3%A9los\/v%C3%A9los-%C3%A9lectriques\/v%C3%A9los-de-route-%C3%A9lectriques\/domane-plus\/c\/B346\/\" \r\n       target=\"_blank\" rel=\"noopener noreferrer\"\r\n       style=\"display:inline-block; margin-top:1.5em; background-color:#15bc2e; color:white; padding:10px 20px; text-decoration:none; border-radius:30px; font-weight:bold;\">\r\n       Voir la s\u00e9lection\r\n    <\/a>\r\n  <\/div>\r\n\r\n<\/div>\r\n\t\t\t\t<\/div>\n\t\t\t\t<\/div>\n\t\t\t\t\t<\/div>\n\t\t\t\t<\/div>\n\t\t\t\t<\/div>","protected":false},"excerpt":{"rendered":"<p>Route &amp; Gravel Route ou gravel, performance ou polyvalence : d\u00e9couvrez notre s\u00e9lection de v\u00e9los taill\u00e9s pour l\u2019aventure, les longues distances ou la vitesse pure. Route Trek Madone A\u00e9rodynamique, l\u00e9g\u00e8re, efficace. Voir la s\u00e9lection Gravel Trek Checkmate Stable, agile, tout-terrain. Voir la s\u00e9lection Gravel Santa Cruz Stigmata Polyvalent, pr\u00e9cis, fait pour l\u2019aventure. Voir la s\u00e9lection [&hellip;]<\/p>","protected":false},"author":1,"featured_media":0,"parent":0,"menu_order":0,"comment_status":"closed","ping_status":"closed","template":"","meta":{"om_disable_all_campaigns":false,"inline_featured_image":false,"_monsterinsights_skip_tracking":false,"_monsterinsights_sitenote_active":false,"_monsterinsights_sitenote_note":"","_monsterinsights_sitenote_category":0,"footnotes":""},"class_list":["post-127","page","type-page","status-publish","hentry"],"aioseo_notices":[],"_links":{"self":[{"href":"https:\/\/www.fontainebleaubikeshop.com\/en\/wp-json\/wp\/v2\/pages\/127","targetHints":{"allow":["GET"]}}],"collection":[{"href":"https:\/\/www.fontainebleaubikeshop.com\/en\/wp-json\/wp\/v2\/pages"}],"about":[{"href":"https:\/\/www.fontainebleaubikeshop.com\/en\/wp-json\/wp\/v2\/types\/page"}],"author":[{"embeddable":true,"href":"https:\/\/www.fontainebleaubikeshop.com\/en\/wp-json\/wp\/v2\/users\/1"}],"replies":[{"embeddable":true,"href":"https:\/\/www.fontainebleaubikeshop.com\/en\/wp-json\/wp\/v2\/comments?post=127"}],"version-history":[{"count":25,"href":"https:\/\/www.fontainebleaubikeshop.com\/en\/wp-json\/wp\/v2\/pages\/127\/revisions"}],"predecessor-version":[{"id":1022,"href":"https:\/\/www.fontainebleaubikeshop.com\/en\/wp-json\/wp\/v2\/pages\/127\/revisions\/1022"}],"wp:attachment":[{"href":"https:\/\/www.fontainebleaubikeshop.com\/en\/wp-json\/wp\/v2\/media?parent=127"}],"curies":[{"name":"wp","href":"https:\/\/api.w.org\/{rel}","templated":true}]}}