{"id":125,"date":"2025-06-05T17:44:00","date_gmt":"2025-06-05T15:44:00","guid":{"rendered":"https:\/\/www.fontainebleaubikeshop.com\/?page_id=125"},"modified":"2025-11-13T04:26:57","modified_gmt":"2025-11-13T03:26:57","slug":"paiement-en-plusieurs-fois","status":"publish","type":"page","link":"https:\/\/www.fontainebleaubikeshop.com\/en\/paiement-en-plusieurs-fois\/","title":{"rendered":"Paiement en plusieurs fois"},"content":{"rendered":"<div data-elementor-type=\"wp-page\" data-elementor-id=\"125\" class=\"elementor elementor-125\">\n\t\t\t\t<div class=\"elementor-element elementor-element-0c156ca e-flex e-con-boxed e-con e-parent\" data-id=\"0c156ca\" data-element_type=\"container\" data-e-type=\"container\">\n\t\t\t\t\t<div class=\"e-con-inner\">\n\t\t\t\t<div class=\"elementor-element elementor-element-92f811f elementor-widget elementor-widget-heading\" data-id=\"92f811f\" data-element_type=\"widget\" data-e-type=\"widget\" data-widget_type=\"heading.default\">\n\t\t\t\t<div class=\"elementor-widget-container\">\n\t\t\t\t\t<h1 class=\"elementor-heading-title elementor-size-default\">Moyen de paiement<\/h1>\t\t\t\t<\/div>\n\t\t\t\t<\/div>\n\t\t\t\t\t<\/div>\n\t\t\t\t<\/div>\n\t\t<div class=\"elementor-element elementor-element-68d0a5a e-flex e-con-boxed e-con e-parent\" data-id=\"68d0a5a\" data-element_type=\"container\" data-e-type=\"container\">\n\t\t\t\t\t<div class=\"e-con-inner\">\n\t\t\t\t<div class=\"elementor-element elementor-element-30ffdf4 elementor-widget elementor-widget-html\" data-id=\"30ffdf4\" data-element_type=\"widget\" data-e-type=\"widget\" data-widget_type=\"html.default\">\n\t\t\t\t<div class=\"elementor-widget-container\">\n\t\t\t\t\t<div style=\"font-family: 'Montserrat', sans-serif; color: #11322b; max-width: 900px; margin: 0 auto; padding: 30px 20px 10px;\">\r\n  <h2 style=\"text-align: center; color: #15bc2e; margin-bottom: 10px;\">Choisissez votre mode de paiement<\/h2>\r\n  <p style=\"text-align: center; font-size: 16px;\">\r\n    Nous acceptons plusieurs moyens de paiement pour s\u2019adapter \u00e0 vos besoins.\r\n  <\/p>\r\n\r\n  <ul style=\"list-style: none; padding: 0; font-size: 16px; line-height: 1.8; max-width: 400px; margin: 20px auto 0;\">\r\n    <li><span style=\"display: inline-block; width: 10px; height: 10px; background-color: #15bc2e; border-radius: 50%; margin-right: 10px;\"><\/span>Carte bancaire<\/li>\r\n    <li><span style=\"display: inline-block; width: 10px; height: 10px; background-color: #15bc2e; border-radius: 50%; margin-right: 10px;\"><\/span>Paiement en esp\u00e8ces<\/li>\r\n    <li><span style=\"display: inline-block; width: 10px; height: 10px; background-color: #15bc2e; border-radius: 50%; margin-right: 10px;\"><\/span>Paiement en plusieurs fois avec Oney 3x 4x 10x<\/li>\r\n  <\/ul>\r\n<\/div>\r\n\t\t\t\t<\/div>\n\t\t\t\t<\/div>\n\t\t\t\t\t<\/div>\n\t\t\t\t<\/div>\n\t\t<div class=\"elementor-element elementor-element-3bb0c69 e-flex e-con-boxed e-con e-parent\" data-id=\"3bb0c69\" data-element_type=\"container\" data-e-type=\"container\">\n\t\t\t\t\t<div class=\"e-con-inner\">\n\t\t\t\t<div class=\"elementor-element elementor-element-6991b5e elementor-widget elementor-widget-html\" data-id=\"6991b5e\" data-element_type=\"widget\" data-e-type=\"widget\" data-widget_type=\"html.default\">\n\t\t\t\t<div class=\"elementor-widget-container\">\n\t\t\t\t\t<div style=\"font-family: 'Montserrat', sans-serif; color: #11322b; max-width: 900px; margin: 0 auto; padding: 20px 20px 10px;\">\r\n  <p style=\"font-size: 16px; text-align: justify; text-justify: inter-word;\">\r\n    Chez <strong>Fontainebleau Bike Shop<\/strong>, nous facilitons votre exp\u00e9rience \u00e0 chaque \u00e9tape, y compris au moment du r\u00e8glement.\r\n  <\/p>\r\n  <p style=\"font-size: 16px; text-align: justify; text-justify: inter-word;\">\r\n    Vous pouvez r\u00e9gler vos achats en toute simplicit\u00e9 : <strong>carte bancaire<\/strong>, <strong>paiement en esp\u00e8ces<\/strong> ou encore <strong>paiement en plusieurs fois<\/strong> avec notre partenaire <strong style=\"color: #15bc2e;\">Oney Bank<\/strong>.\r\n  <\/p>\r\n  <p style=\"font-size: 16px; text-align: justify; text-justify: inter-word;\">\r\n    Quelle que soit votre envie, nous avons une solution pour vous permettre de repartir rapidement avec le v\u00e9lo qui vous correspond.\r\n  <\/p>\r\n<\/div>\r\n\t\t\t\t<\/div>\n\t\t\t\t<\/div>\n\t\t\t\t\t<\/div>\n\t\t\t\t<\/div>\n\t\t<div class=\"elementor-element elementor-element-60700ba e-flex e-con-boxed e-con e-parent\" data-id=\"60700ba\" data-element_type=\"container\" data-e-type=\"container\">\n\t\t\t\t\t<div class=\"e-con-inner\">\n\t\t\t\t<div class=\"elementor-element elementor-element-2f20b97 elementor-widget elementor-widget-html\" data-id=\"2f20b97\" data-element_type=\"widget\" data-e-type=\"widget\" data-widget_type=\"html.default\">\n\t\t\t\t<div class=\"elementor-widget-container\">\n\t\t\t\t\t<!-- Police Montserrat -->\r\n<link href=\"https:\/\/fonts.googleapis.com\/css2?family=Montserrat:wght@400;700&display=swap\" rel=\"stylesheet\">\r\n\r\n<style>\r\n  .floa-page {\r\n    font-family: 'Montserrat', sans-serif;\r\n    color: #11322b;\r\n    max-width: 900px;\r\n    margin: 0 auto;\r\n    padding: 30px 20px;\r\n    line-height: 1.6;\r\n  }\r\n\r\n  .floa-page h2 {\r\n    color: #15bc2e;\r\n    text-align: center;\r\n    margin-bottom: 10px;\r\n  }\r\n\r\n  .floa-page h3 {\r\n    color: #15bc2e;\r\n    margin-top: 40px;\r\n    margin-bottom: 10px;\r\n  }\r\n\r\n  .floa-page p {\r\n    font-size: 16px;\r\n    margin-bottom: 20px;\r\n  }\r\n\r\n  .floa-image {\r\n    text-align: center;\r\n    margin: 30px 0;\r\n  }\r\n\r\n  .floa-image img {\r\n    max-width: 100%;\r\n    height: auto;\r\n  }\r\n\r\n  .floa-section {\r\n    margin-top: 40px;\r\n  }\r\n<\/style>\r\n\r\n<div class=\"floa-page\">\r\n  <h2>Un v\u00e9lo tout de suite. Un paiement en douceur.<\/h2>\r\n  <p style=\"text-align: center;\">\r\n    Profitez de solutions souples pour concr\u00e9tiser votre projet v\u00e9lo \u00e0 votre rythme, toute l\u2019ann\u00e9e.\r\n  <\/p>\r\n\r\n<div class=\"floa-image\">\r\n  <img decoding=\"async\" src=\"https:\/\/www.fontainebleaubikeshop.com\/wp-content\/uploads\/2025\/11\/acheter-velo-en-plusieur-fois-Fontainebleau-bike-shop.png\"\r\n       alt=\"Logo Oney \u2013 Paiement en plusieurs fois pour l\u2019achat de v\u00e9los chez Fontainebleau Bike Shop\">\r\n  <p class=\"wp-caption-text\">\r\n    Fontainebleau Bike Shop propose le paiement en 3x, 4x ou 10x par carte bancaire avec Oney pour l\u2019achat de votre v\u00e9lo, VTT ou VAE.\r\n  <\/p>\r\n<\/div>\r\n  <\/div>\r\n\r\n\r\n  <p>\r\n    Que vous r\u00eaviez d\u2019un v\u00e9lo \u00e9lectrique dernier cri pour une grande \u00e9pop\u00e9e, ou d\u2019un mod\u00e8le classique pour vos trajets quotidiens,   <strong>Oney<\/strong> vous accompagnent avec des solutions de paiement simples et rapides.\r\n  <\/p>\r\n  <ul>\r\n    <li>\ud83d\udcb3 <strong>Choisissez votre v\u00e9lo<\/strong> et s\u00e9lectionnez le paiement en plusieurs fois \u00e0 l'\u00e9tape de r\u00e8glement<\/li>\r\n    <li>\ud83d\udcc5 <strong>Choisissez vos mensualit\u00e9s<\/strong> : 3, 4 ou 10 fois (\u00e0 partir de 100 \u20ac et jusqu\u2019\u00e0 10 000 \u20ac<\/li>\r\n    <li>\u2705 <strong>Sans justificatif<\/strong> pour les paiements en 3 ou 4 fois*<\/li>\r\n  <\/ul>\r\n\r\n  \r\n  <\/div>\r\n\r\n  <div class=\"floa-section\">\r\n    <h3>Optez pour un v\u00e9lo \u00e9lectrique pour vos grandes balades<\/h3>\r\n    <p>\r\n      Vous envisagez un grand itin\u00e9raire \u00e0 v\u00e9lo ? Les mod\u00e8les \u00e9lectriques sont parfaits pour les longues distances et les terrains vallonn\u00e9s. Avec une autonomie jusqu\u2019\u00e0 150 km, ces v\u00e9los vous permettent d'explorer sans effort.\r\n    <\/p>\r\n    <p>\r\n      \u2699\ufe0f La qualit\u00e9 a un prix : batterie, moteur, technologie embarqu\u00e9e\u2026 Mais avec le <strong>paiement en plusieurs fois<\/strong>, vous pouvez choisir le mod\u00e8le qui vous convient <strong>sans attendre<\/strong>.\r\n    <\/p>\r\n  \r\n  <\/div>\r\n\r\n\r\n    <h3>VTT et v\u00e9los de route pour vos voyages sportifs<\/h3>\r\n    <p>\r\n      Passionn\u00e9 de cyclisme ou amateur de sensations fortes ? D\u00e9couvrez une s\u00e9lection de <strong>VTT et v\u00e9los de route<\/strong> con\u00e7us pour les terrains exigeants. Composez un v\u00e9lo sur-mesure gr\u00e2ce aux pi\u00e8ces d\u00e9tach\u00e9es.\r\n    <\/p>\r\n    <p>\r\n      Avec <stron et <strong>Oney<\/strong>, vous pouvez r\u00e9gler en plusieurs fois pour tout achat entre 100 \u20ac et 10 000 \u20ac.\r\n    <\/p>\r\n  <\/div>\r\n<div class=\"floa-section\">\r\n  <h3>Comment \u00e7a fonctionne ?<\/h3>\r\n  <p>\r\n    <span style=\"color: #15bc2e; font-weight: bold;\">1.<\/span> Choisissez le paiement en plusieurs fois lors de la commande.<br>\r\n    <span style=\"color: #15bc2e; font-weight: bold;\">2.<\/span> La 1<sup>\u00e8re<\/sup> mensualit\u00e9 est pr\u00e9lev\u00e9e le jour de l\u2019achat.<br>\r\n    <span style=\"color: #15bc2e; font-weight: bold;\">3.<\/span> Les suivantes sont pr\u00e9lev\u00e9es tous les 30 jours.<br>\r\n    <span style=\"color: #15bc2e; font-weight: bold;\">4.<\/span> Vous recevez un \u00e9ch\u00e9ancier clair par email.\r\n  <\/p>\r\n  <p>\r\n    \ud83d\udcc4 <strong>Aucun justificatif requis<\/strong> pour les paiements en 3 ou 4 fois*<br>\r\n    \u23f3 <strong>R\u00e9ponse imm\u00e9diate<\/strong>, proc\u00e9dure simple et rapide\r\n  <\/p>\r\n<\/div>\r\n\r\n\r\n  <\r\n  <\/div>\r\n\r\n<div class=\"floa-image\">\r\n  <img decoding=\"async\" src=\"https:\/\/www.fontainebleaubikeshop.com\/wp-content\/uploads\/2025\/11\/oney-expert-paiement-financement-fontainebleau-bike-shop-png.png\"\r\n       alt=\"Oney, expert en solutions de paiement et de financement \u2013 6,7 millions de clients, 37 000 commer\u00e7ants partenaires et 40 ans d\u2019exp\u00e9rience aux c\u00f4t\u00e9s de Fontainebleau Bike Shop.\">\r\n  <p class=\"wp-caption-text\">\r\n    Oney accompagne 6,7 millions de clients et plus de 37 000 commer\u00e7ants depuis 40 ans. Fontainebleau Bike Shop fait confiance \u00e0 Oney pour vous proposer le paiement en plusieurs fois en toute simplicit\u00e9.\r\n  <\/p>\r\n<\/div>\r\n\r\n  <\/div>\r\n<\/div>\r\n\t\t\t\t<\/div>\n\t\t\t\t<\/div>\n\t\t\t\t\t<\/div>\n\t\t\t\t<\/div>\n\t\t\t\t<\/div>","protected":false},"excerpt":{"rendered":"<p>Moyen de paiement Choisissez votre mode de paiement Nous acceptons plusieurs moyens de paiement pour s\u2019adapter \u00e0 vos besoins. Carte bancaire Paiement en esp\u00e8ces Paiement en plusieurs fois avec Oney 3x 4x 10x Chez Fontainebleau Bike Shop, nous facilitons votre exp\u00e9rience \u00e0 chaque \u00e9tape, y compris au moment du r\u00e8glement. Vous pouvez r\u00e9gler vos achats [&hellip;]<\/p>","protected":false},"author":1,"featured_media":0,"parent":0,"menu_order":0,"comment_status":"closed","ping_status":"closed","template":"","meta":{"om_disable_all_campaigns":false,"inline_featured_image":false,"_monsterinsights_skip_tracking":false,"_monsterinsights_sitenote_active":false,"_monsterinsights_sitenote_note":"","_monsterinsights_sitenote_category":0,"footnotes":""},"class_list":["post-125","page","type-page","status-publish","hentry"],"aioseo_notices":[],"_links":{"self":[{"href":"https:\/\/www.fontainebleaubikeshop.com\/en\/wp-json\/wp\/v2\/pages\/125","targetHints":{"allow":["GET"]}}],"collection":[{"href":"https:\/\/www.fontainebleaubikeshop.com\/en\/wp-json\/wp\/v2\/pages"}],"about":[{"href":"https:\/\/www.fontainebleaubikeshop.com\/en\/wp-json\/wp\/v2\/types\/page"}],"author":[{"embeddable":true,"href":"https:\/\/www.fontainebleaubikeshop.com\/en\/wp-json\/wp\/v2\/users\/1"}],"replies":[{"embeddable":true,"href":"https:\/\/www.fontainebleaubikeshop.com\/en\/wp-json\/wp\/v2\/comments?post=125"}],"version-history":[{"count":40,"href":"https:\/\/www.fontainebleaubikeshop.com\/en\/wp-json\/wp\/v2\/pages\/125\/revisions"}],"predecessor-version":[{"id":1015,"href":"https:\/\/www.fontainebleaubikeshop.com\/en\/wp-json\/wp\/v2\/pages\/125\/revisions\/1015"}],"wp:attachment":[{"href":"https:\/\/www.fontainebleaubikeshop.com\/en\/wp-json\/wp\/v2\/media?parent=125"}],"curies":[{"name":"wp","href":"https:\/\/api.w.org\/{rel}","templated":true}]}}