{"id":115,"date":"2025-06-05T17:44:55","date_gmt":"2025-06-05T15:44:55","guid":{"rendered":"https:\/\/www.fontainebleaubikeshop.com\/?page_id=115"},"modified":"2025-11-13T06:47:53","modified_gmt":"2025-11-13T05:47:53","slug":"velos","status":"publish","type":"page","link":"https:\/\/www.fontainebleaubikeshop.com\/en\/velos\/","title":{"rendered":"BIKES"},"content":{"rendered":"<div data-elementor-type=\"wp-page\" data-elementor-id=\"115\" class=\"elementor elementor-115\">\n\t\t\t\t<div class=\"elementor-element elementor-element-3b4b2e7 e-flex e-con-boxed e-con e-parent\" data-id=\"3b4b2e7\" data-element_type=\"container\" data-e-type=\"container\">\n\t\t\t\t\t<div class=\"e-con-inner\">\n\t\t\t\t<div class=\"elementor-element elementor-element-79e0f55 elementor-widget elementor-widget-html\" data-id=\"79e0f55\" data-element_type=\"widget\" data-e-type=\"widget\" data-widget_type=\"html.default\">\n\t\t\t\t<div class=\"elementor-widget-container\">\n\t\t\t\t\t<style>\r\n\/* 1) Emp\u00eache tout overlay de recouvrir le header sur CETTE page *\/\r\n.elementor-motion-effects-layer {\r\n  background: transparent !important;\r\n  pointer-events: none !important;\r\n}\r\n\r\n\/* 2) Assure-toi que le header passe au-dessus de tout *\/\r\n.elementor-location-header {\r\n  position: relative !important;\r\n  z-index: 10000 !important;\r\n}\r\n\r\n\/* 3) Neutralise le fond au survol UNIQUEMENT dans le header *\/\r\n.elementor-location-header a:hover,\r\n.elementor-location-header .elementor-item:hover,\r\n.elementor-location-header .elementor-widget-image a:hover {\r\n  background: transparent !important;\r\n  color: #15bc2e !important;\r\n}\r\n<\/style>\r\n\t\t\t\t<\/div>\n\t\t\t\t<\/div>\n\t\t\t\t\t<\/div>\n\t\t\t\t<\/div>\n\t\t<div class=\"elementor-element elementor-element-dea1e28 e-flex e-con-boxed e-con e-parent\" data-id=\"dea1e28\" data-element_type=\"container\" data-e-type=\"container\" data-settings=\"{&quot;background_background&quot;:&quot;classic&quot;}\">\n\t\t\t\t\t<div class=\"e-con-inner\">\n\t\t\t\t<div class=\"elementor-element elementor-element-4c64c6a elementor-widget elementor-widget-heading\" data-id=\"4c64c6a\" data-element_type=\"widget\" data-e-type=\"widget\" data-widget_type=\"heading.default\">\n\t\t\t\t<div class=\"elementor-widget-container\">\n\t\t\t\t\t<h2 class=\"elementor-heading-title elementor-size-default\">Nos v\u00e9los : pour chaque pratique, chaque envie, chaque cycliste.<\/h2>\t\t\t\t<\/div>\n\t\t\t\t<\/div>\n\t\t\t\t\t<\/div>\n\t\t\t\t<\/div>\n\t\t<div class=\"elementor-element elementor-element-b62f3e2 e-flex e-con-boxed e-con e-parent\" data-id=\"b62f3e2\" data-element_type=\"container\" data-e-type=\"container\">\n\t\t\t\t\t<div class=\"e-con-inner\">\n\t\t\t\t<div class=\"elementor-element elementor-element-4bccba9 elementor-widget elementor-widget-html\" data-id=\"4bccba9\" data-element_type=\"widget\" data-e-type=\"widget\" data-widget_type=\"html.default\">\n\t\t\t\t<div class=\"elementor-widget-container\">\n\t\t\t\t\t<div style=\"font-family: 'Montserrat', sans-serif; color: #11322b; font-size: 1.15rem; line-height: 1.8;\">\r\n\r\n  <div style=\"display: flex; align-items: flex-start; gap: 10px;\">\r\n    <span style=\"color: #15bc2e; font-weight: bold;\">\u27a4<\/span>\r\n    <div>\r\n      <p style=\"font-size: 1.35rem; font-weight: bold; margin: 0;\">\r\n        Chez Fontainebleau Bike Shop, nous croyons que<br>\r\n        chaque cycliste m\u00e9rite un v\u00e9lo parfaitement adapt\u00e9 \u00e0 ses besoins et \u00e0 sa morphologie.\r\n      <\/p>\r\n    <\/div>\r\n  <\/div>\r\n\r\n  <div style=\"display: flex; align-items: flex-start; gap: 10px; margin-top: 1.5em;\">\r\n    <span style=\"color: #15bc2e; font-weight: bold;\">\u27a4<\/span>\r\n    <div>\r\n      <p style=\"font-size: 1.35rem; font-weight: bold; margin: 0;\">Que vous soyez :<\/p>\r\n      <p style=\"margin: 0;\">\r\n        \u2013 adepte de la balade en for\u00eat,<br>\r\n        \u2013 amateur de sensations en VTT,<br>\r\n        \u2013 cycliste urbain au quotidien,<br>\r\n        \u2013 coureur sur route,<br>\r\n        \u2013 ou jeune explorateur en herbe,\r\n      <\/p>\r\n    <\/div>\r\n  <\/div>\r\n\r\n  <div style=\"display: flex; align-items: flex-start; gap: 10px; margin-top: 1.5em;\">\r\n    <span style=\"color: #15bc2e; font-weight: bold;\">\u27a4<\/span>\r\n    <p style=\"font-size: 1.35rem; font-weight: bold; margin: 0;\">Nous avons le v\u00e9lo qu\u2019il vous faut.<\/p>\r\n  <\/div>\r\n\r\n  <div style=\"display: flex; align-items: flex-start; gap: 10px; margin-top: 1.5em;\">\r\n    <span style=\"color: #15bc2e; font-weight: bold;\">\u27a4<\/span>\r\n    <div>\r\n      <p style=\"font-size: 1.35rem; font-weight: bold; margin: 0;\">Tous nos mod\u00e8les sont rigoureusement s\u00e9lectionn\u00e9s pour leur :<\/p>\r\n      <p style=\"margin: 0;\">\r\n        \u2013 fiabilit\u00e9,<br>\r\n        \u2013 confort,<br>\r\n        \u2013 et performance,<br>\r\n        \u2013 <strong>Et aussi, faut qu\u2019il soit joli \ud83d\ude09<\/strong><br>\r\n        du v\u00e9lo loisir \u00e0 la machine de comp\u00e9tition.\r\n      <\/p>\r\n    <\/div>\r\n  <\/div>\r\n\r\n  <div style=\"display: flex; align-items: flex-start; gap: 10px; margin-top: 1.5em;\">\r\n    <span style=\"color: #15bc2e; font-weight: bold;\">\u27a4<\/span>\r\n    <div>\r\n      <p style=\"margin: 0;\">\r\n        Nous vous accompagnons dans le choix de la taille, du mod\u00e8le et des \u00e9quipements,<br>\r\n        pour que chaque sortie soit un plaisir \u2013<br>\r\n        et un pas de plus vers votre libert\u00e9.\r\n      <\/p>\r\n    <\/div>\r\n  <\/div>\r\n\r\n<\/div>\r\n\t\t\t\t<\/div>\n\t\t\t\t<\/div>\n\t\t\t\t\t<\/div>\n\t\t\t\t<\/div>\n\t\t<div class=\"elementor-element elementor-element-2fe5451 e-flex e-con-boxed e-con e-parent\" data-id=\"2fe5451\" data-element_type=\"container\" data-e-type=\"container\">\n\t\t\t\t\t<div class=\"e-con-inner\">\n\t\t\t\t<div class=\"elementor-element elementor-element-6c89035 elementor-widget elementor-widget-html\" data-id=\"6c89035\" data-element_type=\"widget\" data-e-type=\"widget\" data-widget_type=\"html.default\">\n\t\t\t\t<div class=\"elementor-widget-container\">\n\t\t\t\t\t<h2 style=\"font-family: 'Montserrat', sans-serif; font-size: 2.7rem; color: #11322b; text-align: center; margin-bottom: 1em; font-weight: bold;\">\r\n  Nous avons choisi l\u2019excellence\r\n<\/h2>\r\n\t\t\t\t<\/div>\n\t\t\t\t<\/div>\n\t\t\t\t\t<\/div>\n\t\t\t\t<\/div>\n\t\t<div class=\"elementor-element elementor-element-eddb514 e-flex e-con-boxed e-con e-parent\" data-id=\"eddb514\" data-element_type=\"container\" data-e-type=\"container\" data-settings=\"{&quot;background_background&quot;:&quot;classic&quot;}\">\n\t\t\t\t\t<div class=\"e-con-inner\">\n\t\t<div class=\"elementor-element elementor-element-2d872dc e-con-full e-flex e-con e-child\" data-id=\"2d872dc\" data-element_type=\"container\" data-e-type=\"container\">\n\t\t\t\t<div class=\"elementor-element elementor-element-1a85e8a elementor-widget elementor-widget-image\" data-id=\"1a85e8a\" data-element_type=\"widget\" data-e-type=\"widget\" data-widget_type=\"image.default\">\n\t\t\t\t<div class=\"elementor-widget-container\">\n\t\t\t\t\t\t\t\t\t\t\t\t\t\t\t\t<a href=\"https:\/\/www.trekbikes.com\/\">\n\t\t\t\t\t\t\t<img fetchpriority=\"high\" decoding=\"async\" width=\"579\" height=\"442\" src=\"https:\/\/www.fontainebleaubikeshop.com\/wp-content\/uploads\/2025\/08\/Logo-Trek-chez-Fontaineblau-bike-shop.png\" class=\"attachment-large size-large wp-image-340\" alt=\"Logo officiel de la marque Trek, distribu\u00e9e chez Fontainebleau Bike Shop\" srcset=\"https:\/\/www.fontainebleaubikeshop.com\/wp-content\/uploads\/2025\/08\/Logo-Trek-chez-Fontaineblau-bike-shop.png 579w, https:\/\/www.fontainebleaubikeshop.com\/wp-content\/uploads\/2025\/08\/Logo-Trek-chez-Fontaineblau-bike-shop-300x229.png 300w, https:\/\/www.fontainebleaubikeshop.com\/wp-content\/uploads\/2025\/08\/Logo-Trek-chez-Fontaineblau-bike-shop-16x12.png 16w\" sizes=\"(max-width: 579px) 100vw, 579px\" \/>\t\t\t\t\t\t\t\t<\/a>\n\t\t\t\t\t\t\t\t\t\t\t\t\t\t\t<\/div>\n\t\t\t\t<\/div>\n\t\t\t\t<\/div>\n\t\t<div class=\"elementor-element elementor-element-5b16853 e-con-full e-flex e-con e-child\" data-id=\"5b16853\" data-element_type=\"container\" data-e-type=\"container\">\n\t\t\t\t<div class=\"elementor-element elementor-element-0a52e85 elementor-widget elementor-widget-image\" data-id=\"0a52e85\" data-element_type=\"widget\" data-e-type=\"widget\" data-widget_type=\"image.default\">\n\t\t\t\t<div class=\"elementor-widget-container\">\n\t\t\t\t\t\t\t\t\t\t\t\t\t\t\t\t<a href=\"https:\/\/www.santacruzbicycles.com\/\" target=\"_blank\">\n\t\t\t\t\t\t\t<img decoding=\"async\" width=\"400\" height=\"424\" src=\"https:\/\/www.fontainebleaubikeshop.com\/wp-content\/uploads\/2025\/08\/Logo-SANTA-CRUZ-Chez-Fontainebleau-bike-shop.png\" class=\"attachment-large size-large wp-image-342\" alt=\"Logo de la marque Santa Cruz Bicycles, sp\u00e9cialis\u00e9e dans les VTT haut de gamme\" srcset=\"https:\/\/www.fontainebleaubikeshop.com\/wp-content\/uploads\/2025\/08\/Logo-SANTA-CRUZ-Chez-Fontainebleau-bike-shop.png 400w, https:\/\/www.fontainebleaubikeshop.com\/wp-content\/uploads\/2025\/08\/Logo-SANTA-CRUZ-Chez-Fontainebleau-bike-shop-283x300.png 283w, https:\/\/www.fontainebleaubikeshop.com\/wp-content\/uploads\/2025\/08\/Logo-SANTA-CRUZ-Chez-Fontainebleau-bike-shop-11x12.png 11w\" sizes=\"(max-width: 400px) 100vw, 400px\" \/>\t\t\t\t\t\t\t\t<\/a>\n\t\t\t\t\t\t\t\t\t\t\t\t\t\t\t<\/div>\n\t\t\t\t<\/div>\n\t\t\t\t<\/div>\n\t\t\t\t\t<\/div>\n\t\t\t\t<\/div>\n\t\t<div class=\"elementor-element elementor-element-9ebdb3b e-flex e-con-boxed e-con e-parent\" data-id=\"9ebdb3b\" data-element_type=\"container\" data-e-type=\"container\">\n\t\t\t\t\t<div class=\"e-con-inner\">\n\t\t\t\t<div class=\"elementor-element elementor-element-e1b8a1b elementor-widget elementor-widget-html\" data-id=\"e1b8a1b\" data-element_type=\"widget\" data-e-type=\"widget\" data-widget_type=\"html.default\">\n\t\t\t\t<div class=\"elementor-widget-container\">\n\t\t\t\t\t<p style=\"font-family: 'Montserrat', sans-serif; font-size: 1.7rem; color: #11322b; text-align: center; max-width: 800px; margin: auto; font-weight: bold;\">\r\n  Chez Fontainebleau Bike Shop, nous ne choisissons pas nos marques au hasard.<br><br>\r\n\r\n  <span style=\"display: flex; justify-content: center; align-items: center; gap: 60px; font-style: italic; font-weight: 900; font-size: 3.2rem;\">\r\n    <a href=\"https:\/\/www.trekbikes.com\/\" target=\"_blank\" style=\"color: #000000; text-decoration: none; background: none !important; padding: 0; border: none; transition: color 0.3s;\" onmouseover=\"this.style.color='#15bc2e'\" onmouseout=\"this.style.color='#000000'\">Trek<\/a>\r\n    <span style=\"color: #000000;\">&amp;<\/span>\r\n    <a href=\"https:\/\/www.santacruzbicycles.com\/\" target=\"_blank\" style=\"color: #000000; text-decoration: none; background: none !important; padding: 0; border: none; transition: color 0.3s;\" onmouseover=\"this.style.color='#15bc2e'\" onmouseout=\"this.style.color='#000000'\">Santa Cruz<\/a>\r\n  <\/span><br><br>\r\n\r\n  Ces deux noms incarnent ce que le v\u00e9lo offre de plus abouti : performance, \u00e9l\u00e9gance, fiabilit\u00e9.<br>\r\n  Deux l\u00e9gendes du cycle, maintenant disponibles \u00e0 Fontainebleau.\r\n<\/p>\r\n\t\t\t\t<\/div>\n\t\t\t\t<\/div>\n\t\t\t\t\t<\/div>\n\t\t\t\t<\/div>\n\t\t<div class=\"elementor-element elementor-element-cc05441 e-flex e-con-boxed e-con e-parent\" data-id=\"cc05441\" data-element_type=\"container\" data-e-type=\"container\">\n\t\t\t\t\t<div class=\"e-con-inner\">\n\t\t\t\t<div class=\"elementor-element elementor-element-9923dfc elementor-widget elementor-widget-html\" data-id=\"9923dfc\" data-element_type=\"widget\" data-e-type=\"widget\" data-widget_type=\"html.default\">\n\t\t\t\t<div class=\"elementor-widget-container\">\n\t\t\t\t\t<p style=\"text-align: center; font-family: 'Montserrat', sans-serif; font-size: 1.8rem; color: #11322b; margin-top: 1em;\">\r\n  \ud83d\udc49 Venez d\u00e9couvrir ces mod\u00e8les en boutique ou contactez-nous pour r\u00e9server un essai !\r\n<\/p>\r\n\r\n<div style=\"text-align: center; margin-top: 1em;\">\r\n  <a href=\"mailto:contact@fontainebleaubikeshop.com?subject=Demande%20d%27essai%20v%C3%A9lo%20%E2%80%93%20Fontainebleau%20Bike%20Shop\" style=\"font-family: 'Montserrat', sans-serif; background-color: #15bc2e; color: white; padding: 12px 24px; font-size: 1rem; font-weight: bold; text-decoration: none; border-radius: 30px; display: inline-block; transition: background-color 0.3s;\">\r\n    R\u00e9server un essai\r\n  <\/a>\r\n<\/div>\r\n\r\n<style>\r\n  a:hover {\r\n    background-color: #129f24 !important;\r\n  }\r\n<\/style>\r\n\t\t\t\t<\/div>\n\t\t\t\t<\/div>\n\t\t\t\t\t<\/div>\n\t\t\t\t<\/div>\n\t\t\t\t<\/div>","protected":false},"excerpt":{"rendered":"<p>Nos v\u00e9los : pour chaque pratique, chaque envie, chaque cycliste. \u27a4 Chez Fontainebleau Bike Shop, nous croyons que chaque cycliste m\u00e9rite un v\u00e9lo parfaitement adapt\u00e9 \u00e0 ses besoins et \u00e0 sa morphologie. \u27a4 Que vous soyez : \u2013 adepte de la balade en for\u00eat, \u2013 amateur de sensations en VTT, \u2013 cycliste urbain au quotidien, [&hellip;]<\/p>","protected":false},"author":1,"featured_media":0,"parent":0,"menu_order":0,"comment_status":"closed","ping_status":"closed","template":"","meta":{"om_disable_all_campaigns":false,"inline_featured_image":false,"_monsterinsights_skip_tracking":false,"_monsterinsights_sitenote_active":false,"_monsterinsights_sitenote_note":"","_monsterinsights_sitenote_category":0,"footnotes":""},"class_list":["post-115","page","type-page","status-publish","hentry"],"aioseo_notices":[],"_links":{"self":[{"href":"https:\/\/www.fontainebleaubikeshop.com\/en\/wp-json\/wp\/v2\/pages\/115","targetHints":{"allow":["GET"]}}],"collection":[{"href":"https:\/\/www.fontainebleaubikeshop.com\/en\/wp-json\/wp\/v2\/pages"}],"about":[{"href":"https:\/\/www.fontainebleaubikeshop.com\/en\/wp-json\/wp\/v2\/types\/page"}],"author":[{"embeddable":true,"href":"https:\/\/www.fontainebleaubikeshop.com\/en\/wp-json\/wp\/v2\/users\/1"}],"replies":[{"embeddable":true,"href":"https:\/\/www.fontainebleaubikeshop.com\/en\/wp-json\/wp\/v2\/comments?post=115"}],"version-history":[{"count":14,"href":"https:\/\/www.fontainebleaubikeshop.com\/en\/wp-json\/wp\/v2\/pages\/115\/revisions"}],"predecessor-version":[{"id":1052,"href":"https:\/\/www.fontainebleaubikeshop.com\/en\/wp-json\/wp\/v2\/pages\/115\/revisions\/1052"}],"wp:attachment":[{"href":"https:\/\/www.fontainebleaubikeshop.com\/en\/wp-json\/wp\/v2\/media?parent=115"}],"curies":[{"name":"wp","href":"https:\/\/api.w.org\/{rel}","templated":true}]}}